{"id":3074,"date":"2024-08-19T12:50:51","date_gmt":"2024-08-19T09:50:51","guid":{"rendered":"https:\/\/osofa.lt\/produktas\/mila\/"},"modified":"2026-02-19T12:39:44","modified_gmt":"2026-02-19T10:39:44","slug":"mila","status":"publish","type":"product","link":"https:\/\/osofa.lt\/en\/produktas\/mila\/","title":{"rendered":"Mila"},"content":{"rendered":"<p>\u0160i eleganti\u0161ka ir prakti\u0161ka lova yra puikus pasirinkimas tiems, kurie vertina patogum\u0105 ir efektyv\u0173 erdv\u0117s i\u0161naudojim\u0105. Lova turi \u012fmontuot\u0105 pakeliam\u0105 mechanizm\u0105, kuris leid\u017eia lengvai pasiekti po lova esan\u010di\u0105 didel\u0119 patalyn\u0117s d\u0117\u017e\u0119. \u0160i funkcija ypa\u010d naudinga, kai reikia papildomos vietos \u012fvairi\u0173 daikt\u0173 laikymui.<\/p>\n<p><strong>Savyb\u0117s:<\/strong><\/p>\n<ul>\n<li><strong>R\u0117mas:<\/strong> Tvirtas metalinis r\u0117mas su lanks\u010diomis medin\u0117mis grotel\u0117mis u\u017etikrina lovos stabilum\u0105 ir ilgaam\u017ei\u0161kum\u0105.<\/li>\n<li><strong>Apdaila:<\/strong> Lova aptraukta auk\u0161tos kokyb\u0117s audiniu, kuris suteikia prabangos ir \u0161iuolaiki\u0161kumo j\u016bs\u0173 miegamojo interjerui.<\/li>\n<li><strong>Patalyn\u0117s d\u0117\u017e\u0117:<\/strong> Didel\u0117, po \u010diu\u017einiu esanti patalyn\u0117s d\u0117\u017e\u0117 yra padalinta \u012f dvi erdvias sekcijas, leid\u017eian\u010dias patogiai laikyti patalyn\u0119.<\/li>\n<li><strong>Pakeliamas mechanizmas:<\/strong> Lengvai valdomas mechanizmas leid\u017eia pakelti lovos groteles ir pasiekti d\u0117\u017e\u0119 be dideli\u0173 pastang\u0173.<\/li>\n<li><strong>Galv\u016bgalis:<\/strong> Mink\u0161tas, patogus bei lenktas galv\u016bgalis suteikia papildom\u0105 atram\u0105, kai norite atsiremti skaitydami ar \u017ei\u016br\u0117dami televizori\u0173.<\/li>\n<\/ul>\n<p>\u0160i lova, parduodama be \u010diu\u017einio..<\/p>\n","protected":false},"excerpt":{"rendered":"<p>Baldo matmenys:<\/p>\n<ul>\n<li>Ilgis: 177cm &#8211; Auk\u0161tis: 139cm &#8211; Gylis: 226cm;<\/li>\n<li>Pritaikyta \u010diu\u017einiui: 160cm x 200cm<\/li>\n<\/ul>\n<div class=\"woocommerce-product-details__short-description\">\n<div class=\"product-char_table\">\n<div dir=\"auto\">Pagaminta Lietuvoje\u00a0<span class=\"html-span xexx8yu x4uap5 x18d9i69 xkhd6sd x1hl2dhg x16tdsg8 x1vvkbs x3nfvp2 x1j61x8r x1fcty0u xdj266r xat24cr xgzva0m xhhsvwb xxymvpz xlup9mm x1kky2od\"><img decoding=\"async\" class=\"xz74otr\" src=\"https:\/\/static.xx.fbcdn.net\/images\/emoji.php\/v9\/te4\/1\/16\/1f1f1_1f1f9.png\" alt=\"\ud83c\uddf1\ud83c\uddf9\" width=\"16\" height=\"16\" \/><\/span><\/div>\n<div dir=\"auto\">\n<div dir=\"auto\">\n<p>D\u0117l baldo audinio pasirinkimo ir pristatymo \u012f namus kreiptis el. pa\u0161tu:\u00a0<a class=\"cursor-pointer\" rel=\"noopener\" data-start=\"156\" data-end=\"177\">osofabaldai@gmail.com<\/a>.<br data-start=\"178\" data-end=\"181\" \/>Gamybos terminas \u00a0~ 30d.<\/p>\n<p>Pristatymo trukm\u0117 ~10d.d.<\/p>\n<\/div>\n<\/div>\n<\/div>\n<\/div>\n","protected":false},"featured_media":1779,"comment_status":"open","ping_status":"closed","template":"","meta":[],"product_brand":[],"product_cat":[44],"product_tag":[],"class_list":{"0":"post-3074","1":"product","2":"type-product","3":"status-publish","4":"has-post-thumbnail","6":"product_cat-beds","8":"first","9":"onbackorder","10":"shipping-taxable","11":"purchasable","12":"product-type-simple"},"_links":{"self":[{"href":"https:\/\/osofa.lt\/en\/wp-json\/wp\/v2\/product\/3074","targetHints":{"allow":["GET"]}}],"collection":[{"href":"https:\/\/osofa.lt\/en\/wp-json\/wp\/v2\/product"}],"about":[{"href":"https:\/\/osofa.lt\/en\/wp-json\/wp\/v2\/types\/product"}],"replies":[{"embeddable":true,"href":"https:\/\/osofa.lt\/en\/wp-json\/wp\/v2\/comments?post=3074"}],"wp:featuredmedia":[{"embeddable":true,"href":"https:\/\/osofa.lt\/en\/wp-json\/wp\/v2\/media\/1779"}],"wp:attachment":[{"href":"https:\/\/osofa.lt\/en\/wp-json\/wp\/v2\/media?parent=3074"}],"wp:term":[{"taxonomy":"product_brand","embeddable":true,"href":"https:\/\/osofa.lt\/en\/wp-json\/wp\/v2\/product_brand?post=3074"},{"taxonomy":"product_cat","embeddable":true,"href":"https:\/\/osofa.lt\/en\/wp-json\/wp\/v2\/product_cat?post=3074"},{"taxonomy":"product_tag","embeddable":true,"href":"https:\/\/osofa.lt\/en\/wp-json\/wp\/v2\/product_tag?post=3074"}],"curies":[{"name":"wp","href":"https:\/\/api.w.org\/{rel}","templated":true}]}}